{"id":1751,"date":"2023-12-19T16:16:18","date_gmt":"2023-12-19T16:16:18","guid":{"rendered":"https:\/\/arkivisual.no\/?page_id=1751"},"modified":"2024-12-15T17:09:06","modified_gmt":"2024-12-15T17:09:06","slug":"kontakt","status":"publish","type":"page","link":"https:\/\/arkivisual.no\/pl\/kontakt\/","title":{"rendered":"kontakt"},"content":{"rendered":"\t\t<div data-elementor-type=\"wp-page\" data-elementor-id=\"1751\" class=\"elementor elementor-1751\" data-elementor-post-type=\"page\">\n\t\t\t\t<div data-morphing-gradients-background=\"&lt;div  class=&quot;cew_morphingGradientsBackground&quot;&gt;&lt;canvas  data-color1=&quot;&quot; data-color2=&quot;&quot; data-speed=&quot;1000&quot; data-blendingMode=&quot;linear&quot;  &gt;&lt;\/canvas&gt;&lt;\/div&gt;\" class=\"elementor-element elementor-element-861041b e-flex e-con-boxed e-con e-parent\" data-id=\"861041b\" data-element_type=\"container\" data-settings=\"{&quot;cew_animation_enable&quot;:&quot;yes&quot;,&quot;cew_animation_delay&quot;:0.5,&quot;cew_animation_clipPath_toggle&quot;:&quot;yes&quot;,&quot;cew_animation_to_clipPath_inset&quot;:{&quot;unit&quot;:&quot;custom&quot;,&quot;top&quot;:&quot;0.7vw&quot;,&quot;right&quot;:&quot;0.7vw&quot;,&quot;bottom&quot;:&quot;0.7vw&quot;,&quot;left&quot;:&quot;0.7vw&quot;,&quot;isLinked&quot;:true},&quot;cew_animation_borderRadius&quot;:{&quot;unit&quot;:&quot;px&quot;,&quot;top&quot;:&quot;40&quot;,&quot;right&quot;:&quot;40&quot;,&quot;bottom&quot;:&quot;40&quot;,&quot;left&quot;:&quot;40&quot;,&quot;isLinked&quot;:true},&quot;cew_animation_duration&quot;:1.5,&quot;cew_animation_from_clipPath_inset&quot;:{&quot;unit&quot;:&quot;%&quot;,&quot;top&quot;:0,&quot;right&quot;:0,&quot;bottom&quot;:0,&quot;left&quot;:0,&quot;isLinked&quot;:false}}\">\n\t\t\t\t\t<div class=\"e-con-inner\">\n\t\t\t\t<div class=\"elementor-element elementor-element-69c9e30 elementor-widget elementor-widget-heading\" data-id=\"69c9e30\" data-element_type=\"widget\" data-widget_type=\"heading.default\">\n\t\t\t\t<div class=\"elementor-widget-container\">\n\t\t\t\t\t<div data-scribble-type=\"basicUnderline\" class=\"cew-scribble-text\"><h1 class=\"elementor-heading-title elementor-size-default\">Zapraszam do <i>kontaktu<\/i><\/h1><\/div>\t\t\t\t<\/div>\n\t\t\t\t<\/div>\n\t\t\t\t<div class=\"elementor-element elementor-element-e442a41 elementor-widget elementor-widget-text-editor\" data-id=\"e442a41\" data-element_type=\"widget\" data-widget_type=\"text-editor.default\">\n\t\t\t\t<div class=\"elementor-widget-container\">\n\t\t\t\t\t\t\t\t\t<p>Opowiedz czego potrzebujesz by <br \/>otrzyma\u0107 niezobowi\u0105zuj\u0105c\u0105 ofert\u0119\u00a0<\/p>\t\t\t\t\t\t\t\t<\/div>\n\t\t\t\t<\/div>\n\t\t<div class=\"elementor-element elementor-element-dcc4c4a e-con-full e-flex e-con e-child\" data-id=\"dcc4c4a\" data-element_type=\"container\">\n\t\t\t\t<div class=\"elementor-element elementor-element-2e52202 elementor-widget__width-initial elementor-widget-tablet__width-initial elementor-widget-mobile__width-initial elementor-widget elementor-widget-text-editor\" data-id=\"2e52202\" data-element_type=\"widget\" data-widget_type=\"text-editor.default\">\n\t\t\t\t<div class=\"elementor-widget-container\">\n\t\t\t\t\t\t\t\t\t<p>Arkivisual Artur Baniewicz<br \/>Fredrikstad, Norwegia<br \/><br \/><\/p>\t\t\t\t\t\t\t\t<\/div>\n\t\t\t\t<\/div>\n\t\t\t\t<div class=\"elementor-element elementor-element-3b23739 elementor-widget elementor-widget-text-editor\" data-id=\"3b23739\" data-element_type=\"widget\" data-widget_type=\"text-editor.default\">\n\t\t\t\t<div class=\"elementor-widget-container\">\n\t\t\t\t\t\t\t\t\t<p>arkivisual.no@gmail.com<\/p>\t\t\t\t\t\t\t\t<\/div>\n\t\t\t\t<\/div>\n\t\t\t\t<\/div>\n\t\t\t\t\t<\/div>\n\t\t\t\t<\/div>\n\t\t<div class=\"elementor-element elementor-element-7a44878 e-flex e-con-boxed e-con e-parent\" data-id=\"7a44878\" data-element_type=\"container\">\n\t\t\t\t\t<div class=\"e-con-inner\">\n\t\t<div class=\"elementor-element elementor-element-93632ec e-flex e-con-boxed e-con e-child\" data-id=\"93632ec\" data-element_type=\"container\">\n\t\t\t\t\t<div class=\"e-con-inner\">\n\t\t<div class=\"elementor-element elementor-element-7beadec e-con-full e-flex e-con e-child\" data-id=\"7beadec\" data-element_type=\"container\">\n\t\t\t\t<div class=\"elementor-element elementor-element-e90fa40 elementor-widget elementor-widget-heading\" data-id=\"e90fa40\" data-element_type=\"widget\" data-widget_type=\"heading.default\">\n\t\t\t\t<div class=\"elementor-widget-container\">\n\t\t\t\t\t<h1 class=\"elementor-heading-title elementor-size-default\">Zaufali mi:<\/h1>\t\t\t\t<\/div>\n\t\t\t\t<\/div>\n\t\t<div class=\"elementor-element elementor-element-ad8f307 e-con-full e-flex e-con e-child\" data-id=\"ad8f307\" data-element_type=\"container\">\n\t\t\t\t<div class=\"elementor-element elementor-element-466bb60 elementor-widget elementor-widget-image\" data-id=\"466bb60\" data-element_type=\"widget\" data-widget_type=\"image.default\">\n\t\t\t\t<div class=\"elementor-widget-container\">\n\t\t\t\t\t\t\t\t\t\t\t\t\t\t\t<img decoding=\"async\" width=\"615\" height=\"64\" src=\"https:\/\/arkivisual.no\/wp-content\/uploads\/2024\/01\/logo2-2.jpg\" class=\"attachment-large size-large wp-image-3102\" alt=\"\" srcset=\"https:\/\/arkivisual.no\/wp-content\/uploads\/2024\/01\/logo2-2.jpg 615w, https:\/\/arkivisual.no\/wp-content\/uploads\/2024\/01\/logo2-2-300x31.jpg 300w\" sizes=\"(max-width: 615px) 100vw, 615px\" \/>\t\t\t\t\t\t\t\t\t\t\t\t\t\t\t<\/div>\n\t\t\t\t<\/div>\n\t\t\t\t<\/div>\n\t\t\t\t<\/div>\n\t\t\t\t<div class=\"elementor-element elementor-element-ad24e08 elementor-widget elementor-widget-cew-team-member-id\" data-id=\"ad24e08\" data-element_type=\"widget\" data-widget_type=\"cew-team-member-id.default\">\n\t\t\t\t<div class=\"elementor-widget-container\">\n\t\t\t\t\t<div class=\"cew_teamMember\">\n            <div class=\"imageContainer\">\n                <img decoding=\"async\" src=\"https:\/\/arkivisual.no\/wp-content\/uploads\/2024\/01\/20231202_214-1.jpg\">\n            <\/div>\n            <p class=\"jobPosition\">Kliknij w zdj\u0119cie, <br\/>  aby dowiedzie\u0107 si\u0119 wi\u0119cej\u200b<\/p>\n            <p class=\"name\">Artur Baniewicz\u200b<\/p>\n        <\/div>\n        <div class=\"cew_teamMember_popup\">\n            <div class=\"content\">\n            \t<div>\n            \t\t<div class=\"cursor\">\n\t\t\t\t<svg xmlns=\"http:\/\/www.w3.org\/2000\/svg\" fill=\"none\" viewBox=\"0 0 24 24\" stroke-width=\"1.5\" stroke=\"currentColor\" >\n  \t\t\t\t\t<path stroke-linecap=\"round\" stroke-linejoin=\"round\" d=\"M6 18 18 6M6 6l12 12\" \/>\n\t\t\t\t<\/svg>\n\t\t\t<\/div>\n                \t<p class=\"popup_jobPosition\"><\/p>\n                \t<p class=\"heading\">Artur Baniewicz<\/p>\n                \t<div class=\"body\"><p>Z zami\u0142owania pasjonat szeroko poj\u0119tej grafiki 3D<br \/>a w szczeg\u00f3lno\u015bci wszelakich form prezentacji <br \/>wizualnej. Do ka\u017cdego zlecenia podchodz\u0119 bardzo indywidulanie, tak aby w jak najwi\u0119kszym stopniu spe\u0142ni\u0107 oczekiwania klienta. Zawsze staram si\u0119, aby moje wizualizacje by\u0142y unikatowe, przyci\u0105ga\u0142y wzrok, wyr\u00f3\u017cnia\u0142y si\u0119 spo\u015br\u00f3d innych i na d\u0142ugo zapada\u0142y w pami\u0119ci. Ka\u017cdy projekt to dla mnie nowe wyzwanie, a jego realizacja dostarcza mi mn\u00f3stwo rado\u015bci i satysfakcji.<\/p><\/div>\n            \t<\/div>\n            <\/div>\n            <div class=\"imageContainer\">\n\t            <div class=\"image\" style=\"background-image: url(https:\/\/arkivisual.no\/wp-content\/uploads\/2024\/01\/20231202_214.jpg)\"><\/div>\n\t            <div class=\"imageMask\"><\/div>\n\t\t\t<\/div>\n\t\t\n        <\/div>\t\t\t\t<\/div>\n\t\t\t\t<\/div>\n\t\t\t\t\t<\/div>\n\t\t\t\t<\/div>\n\t\t\t\t\t<\/div>\n\t\t\t\t<\/div>\n\t\t\t\t<\/div>\n\t\t","protected":false},"excerpt":{"rendered":"<p>Zapraszam do kontaktu Opowiedz czego potrzebujesz by otrzyma\u0107 niezobowi\u0105zuj\u0105c\u0105 ofert\u0119\u00a0 Arkivisual Artur BaniewiczFredrikstad, Norwegia arkivisual.no@gmail.com Zaufali mi: Kliknij w zdj\u0119cie, aby dowiedzie\u0107 si\u0119 wi\u0119cej\u200b Artur Baniewicz\u200b Artur Baniewicz Z zami\u0142owania pasjonat szeroko poj\u0119tej grafiki 3Da w szczeg\u00f3lno\u015bci wszelakich form prezentacji wizualnej. Do ka\u017cdego zlecenia podchodz\u0119 bardzo indywidulanie, tak aby w jak najwi\u0119kszym stopniu spe\u0142ni\u0107 oczekiwania [&hellip;]<\/p>\n","protected":false},"author":2,"featured_media":0,"parent":0,"menu_order":0,"comment_status":"closed","ping_status":"closed","template":"","meta":{"_acf_changed":false,"footnotes":""},"class_list":["post-1751","page","type-page","status-publish","hentry"],"acf":[],"_links":{"self":[{"href":"https:\/\/arkivisual.no\/pl\/wp-json\/wp\/v2\/pages\/1751","targetHints":{"allow":["GET"]}}],"collection":[{"href":"https:\/\/arkivisual.no\/pl\/wp-json\/wp\/v2\/pages"}],"about":[{"href":"https:\/\/arkivisual.no\/pl\/wp-json\/wp\/v2\/types\/page"}],"author":[{"embeddable":true,"href":"https:\/\/arkivisual.no\/pl\/wp-json\/wp\/v2\/users\/2"}],"replies":[{"embeddable":true,"href":"https:\/\/arkivisual.no\/pl\/wp-json\/wp\/v2\/comments?post=1751"}],"version-history":[{"count":91,"href":"https:\/\/arkivisual.no\/pl\/wp-json\/wp\/v2\/pages\/1751\/revisions"}],"predecessor-version":[{"id":5403,"href":"https:\/\/arkivisual.no\/pl\/wp-json\/wp\/v2\/pages\/1751\/revisions\/5403"}],"wp:attachment":[{"href":"https:\/\/arkivisual.no\/pl\/wp-json\/wp\/v2\/media?parent=1751"}],"curies":[{"name":"wp","href":"https:\/\/api.w.org\/{rel}","templated":true}]}}