{"id":1056,"date":"2023-12-06T13:55:48","date_gmt":"2023-12-06T13:55:48","guid":{"rendered":"https:\/\/arkivisual.no\/?page_id=1056"},"modified":"2024-01-09T12:20:24","modified_gmt":"2024-01-09T12:20:24","slug":"polityka-prywatnosci","status":"publish","type":"page","link":"https:\/\/arkivisual.no\/pl\/polityka-prywatnosci\/","title":{"rendered":"Polityka prywatno\u015bci"},"content":{"rendered":"\t\t<div data-elementor-type=\"wp-page\" data-elementor-id=\"1056\" class=\"elementor elementor-1056\" data-elementor-post-type=\"page\">\n\t\t\t\t<div class=\"elementor-element elementor-element-186de6ff e-flex e-con-boxed e-con e-parent\" data-id=\"186de6ff\" data-element_type=\"container\">\n\t\t\t\t\t<div class=\"e-con-inner\">\n\t\t\t\t<div class=\"elementor-element elementor-element-2b80c962 elementor-widget elementor-widget-text-editor\" data-id=\"2b80c962\" data-element_type=\"widget\" data-widget_type=\"text-editor.default\">\n\t\t\t\t<div class=\"elementor-widget-container\">\n\t\t\t\t\t\t\t\t\t<h2>Tre\u015b\u0107 regulaminu<\/h2>\n<p>Definicje<\/p>\n<ol>\n<li><strong>Administrator (My)<\/strong> \u2013&nbsp;<a href=\"https:\/\/[strona]\/\" style=\"background-color: rgb(248, 248, 248);\">[strona]<\/a><\/li>\n<li><strong>Dane osobowe<\/strong> \u2013 wszystkie informacje o osobie fizycznej zidentyfikowanej lub mo\u017cliwej do zidentyfikowania poprzez jeden b\u0105d\u017a kilka szczeg\u00f3lnych czynnik\u00f3w okre\u015blaj\u0105cych fizyczn\u0105, fizjologiczn\u0105, genetyczn\u0105, psychiczn\u0105, ekonomiczn\u0105, kulturow\u0105 lub spo\u0142eczn\u0105 to\u017csamo\u015b\u0107, w tym IP urz\u0105dzenia, dane o lokalizacji, identyfikator internetowy oraz informacje gromadzone za po\u015brednictwem plik\u00f3w cookie oraz innej podobnej technologii.<\/li>\n<li><strong>Polityka<\/strong> \u2013 niniejsza Polityka prywatno\u015bci.<\/li>\n<li><strong>RODO<\/strong> \u2013 Rozporz\u0105dzenie Parlamentu Europejskiego i Rady (UE) 2016\/679 z dnia 27 kwietnia 2016 r. w sprawie ochrony os\u00f3b fizycznych w zwi\u0105zku z przetwarzaniem danych osobowych i w sprawie swobodnego przep\u0142ywu takich danych oraz uchylenia dyrektywy 95\/46\/WE.<\/li>\n<li><strong>Serwis<\/strong> \u2013 serwis internetowy prowadzony przez nas pod adresem <a href=\"https:\/\/[strona]\">[strona]<\/a><\/li>\n<li><strong>U\u017cytkownik (Ty)<\/strong> \u2013 ka\u017cda osoba fizyczna odwiedzaj\u0105ca Serwis lub korzystaj\u0105ca z jednej albo kilku us\u0142ug czy funkcjonalno\u015bci opisanych w Polityce<\/li>\n<\/ol>\n<p>Przetwarzanie danych w zwi\u0105zku z korzystaniem z serwisu<\/p>\n<ul>\n<li>W zwi\u0105zku z korzystaniem przez Ciebie z Serwisu zbieramy Twoje dane w zakresie niezb\u0119dnym do \u015bwiadczenia poszczeg\u00f3lnych oferowanych us\u0142ug, a tak\u017ce informacje o Twojej aktywno\u015bci w Serwisie. Poni\u017cej zosta\u0142y opisane szczeg\u00f3\u0142owe zasady oraz cele przetwarzania danych osobowych gromadzonych podczas korzystania przez Ciebie z Serwisu.<\/li>\n<\/ul>\n<p>Cele oraz podstawy prawne przetwarzania danych w serwisie<\/p>\n<p>Korzystanie z serwisu<\/p>\n<ol>\n<li>Przetwarzamy dane osobowe wszystkich os\u00f3b korzystaj\u0105cych z Serwisu (w tym: ) , adres IP lub inne identyfikatory oraz informacje gromadzone za po\u015brednictwem plik\u00f3w cookies lub innych podobnych technologii), a nieb\u0119d\u0105cych zarejestrowanymi U\u017cytkownikami (tj. osoby nieposiadaj\u0105ce profilu w Serwisie) w nast\u0119puj\u0105cych celach:\n<ol>\n<li>w celu \u015bwiadczenia us\u0142ug drog\u0105 elektroniczn\u0105 w zakresie udost\u0119pniana U\u017cytkownikom tre\u015bci gromadzonych w Serwisie \u2013 w\u00f3wczas podstaw\u0105 prawn\u0105 przetwarzania jest niezb\u0119dno\u015b\u0107 przetwarzania do wykonania umowy (art. 6 ust. 1 lit b RODO);<\/li>\n<li>w celach analitycznych i statystycznych \u2013 w\u00f3wczas podstaw\u0105 prawn\u0105 przetwarzania jest nasz uzasadniony interes (art. 6 ust. 1 lit f RODO) polegaj\u0105cy na prowadzeniu analiz aktywno\u015bci U\u017cytkownik\u00f3w, a tak\u017ce ich preferencji w celu poprawy stosowanych funkcjonalno\u015bci i \u015bwiadczonych us\u0142ug;<\/li>\n<li>w celu ewentualnego ustalenia i dochodzenia roszcze\u0144 lub obrony przed nimi \u2013 podstaw\u0105 prawn\u0105 przetwarzania jest nasz uzasadniony interes (art. 6 ust. 1 lit f RODO) polegaj\u0105cy na ochronie naszych praw;<\/li>\n<li>w celach marketingowych (naszych oraz naszych partner\u00f3w), w szczeg\u00f3lno\u015bci zwi\u0105zanych z prezentowaniem reklamy behawioralnej \u2013 zasady przetwarzania danych osobowych w celach marketingowych zosta\u0142y opisane w sekcji \u201eMARKETING\u201d.<\/li>\n<\/ol>\n<\/li>\n<li>Twoja Aktywno\u015b\u0107 w Serwisie, w tym Twoje dane osobowe, s\u0105 rejestrowane w logach systemowych. Zebrane w logach informacje przetwarzane s\u0105 przede wszystkim w celach zwi\u0105zanych ze \u015bwiadczeniem us\u0142ug. Przetwarzamy je r\u00f3wnie\u017c w celach technicznych, administracyjnych, na potrzeby zapewnienia bezpiecze\u0144stwa systemu informatycznego oraz zarz\u0105dzania tym systemem, a tak\u017ce w celach analitycznych i statystycznych \u2013 w tym zakresie podstaw\u0105 prawn\u0105 przetwarzania jest nasz prawnie uzasadniony interes (art. 6 ust. 1 lit. f RODO).<\/li>\n<\/ol>\n<p>Korzystanie z p\u0142atnych us\u0142ug w serwisie<\/p>\n<ol>\n<li>Je\u017celi z\u0142o\u017cysz zam\u00f3wienie (zakupu towaru lub us\u0142ugi) w Serwisie, b\u0119dziemy przetwarzali Twoje dane osobowe w nast\u0119puj\u0105cych celach:\n<ol>\n<li>w celu realizacji z\u0142o\u017conego zam\u00f3wienia \u2013 podstaw\u0105 prawn\u0105 przetwarzania jest niezb\u0119dno\u015b\u0107 przetwarzania do wykonania umowy (art. 6 ust. 1 lit b RODO); w zakresie danych podanych fakultatywnie podstaw\u0105 prawn\u0105 przetwarzania jest zgoda (art. 6 ust. 1 lit a RODO);<\/li>\n<li>w celu realizacji obowi\u0105zk\u00f3w ustawowych ci\u0105\u017c\u0105cych na nas, a wynikaj\u0105cych w szczeg\u00f3lno\u015bci z przepis\u00f3w podatkowych i przepis\u00f3w o rachunkowo\u015bci \u2013 podstaw\u0105 prawn\u0105 przetwarzania jest obowi\u0105zek prawny (art. 6 ust. 1 lit c RODO);<\/li>\n<li>w celach analitycznych i statystycznych \u2013 podstaw\u0105 prawn\u0105 przetwarzania jest nasz uzasadniony interes (art. 6 ust. 1 lit f RODO) polegaj\u0105cy na prowadzeniu analiz Twojej aktywno\u015bci w Serwisie, a tak\u017ce Twoich preferencji zakupowych w celu doskonalenia stosowanych funkcjonalno\u015bci;<\/li>\n<li>w celu ewentualnego ustalenia i dochodzenia roszcze\u0144 lub obrony przed nimi \u2013 podstaw\u0105 prawn\u0105 przetwarzania jest nasz uzasadniony interes (art. 6 ust. 1 lit f RODO) polegaj\u0105cy na ochronie naszych praw.<\/li>\n<\/ol>\n<\/li>\n<\/ol>\n<p>Formularze kontaktowe<\/p>\n<ol>\n<li>W Serwisie zapewniamy mo\u017cliwo\u015b\u0107 skontaktowania si\u0119 z nami przy wykorzystaniu elektronicznych formularzy kontaktowych. Skorzystanie z formularza wymaga podania Twoich danych osobowych niezb\u0119dnych do tego, \u017ceby\u015bmy mogli si\u0119 z Tob\u0105 skontaktowa\u0107 i udzieli\u0107 odpowiedzi na zadane pytanie. W formularzu mo\u017cesz poda\u0107 tak\u017ce inne dane w celu u\u0142atwienia nam kontaktu lub obs\u0142ugi zapytania. Podanie danych oznaczonych jako obowi\u0105zkowe jest wymagane w celu przyj\u0119cia i obs\u0142ugi zapytania, a ich niepodanie spowoduje, \u017ce nie b\u0119dziemy mogli obs\u0142u\u017cy\u0107 Twojego pytania. Podanie pozosta\u0142ych danych jest dobrowolne.<\/li>\n<li>Dane osobowe, kt\u00f3re prze\u015blesz nam za pomoc\u0105 formularza kontaktowego s\u0105 przetwarzane:\n<ol>\n<li>w celu identyfikacji Ciebie jako nadawcy oraz obs\u0142ugi Twojego zapytania przes\u0142anego przez udost\u0119pniony formularz \u2013 podstaw\u0105 prawn\u0105 przetwarzania jest niezb\u0119dno\u015b\u0107 przetwarzania do wykonania umowy o \u015bwiadczenie us\u0142ugi (art. 6 ust. 1 lit b RODO);<\/li>\n<li>w celach analitycznych i statystycznych \u2013 podstaw\u0105 prawn\u0105 przetwarzania jest nasz uzasadniony interes (art. 6 ust. 1 lit f RODO) polegaj\u0105cy na prowadzeniu statystyk zapyta\u0144 zg\u0142aszanych przez U\u017cytkownik\u00f3w za po\u015brednictwem Serwisu w celu doskonalenia jego funkcjonalno\u015bci.<\/li>\n<\/ol>\n<\/li>\n<\/ol>\n<p>Marketing<\/p>\n<ol>\n<li>Przetwarzamy Twoje dane osobowe w celu realizowania dzia\u0142a\u0144 marketingowych, kt\u00f3re mog\u0105 polega\u0107 na:\n<ol>\n<li>wy\u015bwietlaniu tre\u015bci marketingowych, kt\u00f3re nie s\u0105 dostosowane do Twoich preferencji (reklama kontekstowa);<\/li>\n<li>wy\u015bwietlaniu tre\u015bci marketingowych odpowiadaj\u0105cych Twoim zainteresowaniom (reklama behawioralna);<\/li>\n<li>kierowaniu e-mailowych powiadomie\u0144 o interesuj\u0105cych ofertach lub tre\u015bciach, kt\u00f3re w niekt\u00f3rych przypadkach zawieraj\u0105 informacje handlowe (us\u0142uga newslettera)<\/li>\n<li>prowadzenie innego rodzaju dzia\u0142a\u0144 zwi\u0105zanych z marketingiem bezpo\u015brednim towar\u00f3w i us\u0142ug (przesy\u0142anie informacji handlowych drog\u0105 elektroniczn\u0105 oraz dzia\u0142ania telemarketingowe)<\/li>\n<\/ol>\n<\/li>\n<li>W celu realizowania dzia\u0142a\u0144 marketingowych, w niekt\u00f3rych przypadkach wykorzystujemy profilowanie (je\u017celi wyrazisz na to zgod\u0119). Oznacza to, \u017ce dzi\u0119ki automatycznemu przetwarzaniu danych dokonujemy oceny wybranych czynnik\u00f3w dotycz\u0105cych os\u00f3b fizycznych w celu analizy ich zachowania lub stworzenia prognozy na przysz\u0142o\u015b\u0107.<\/li>\n<\/ol>\n<p>Marketing bezpo\u015bredni<\/p>\n<ol>\n<li>Twoje Dane osobowe mog\u0105 by\u0107 r\u00f3wnie\u017c wykorzystywane przez nas, aby\u015bmy mogli kierowa\u0107 do Ciebie tre\u015bci marketingowe r\u00f3\u017cnymi kana\u0142ami, tj. za po\u015brednictwem poczty e-mail, drog\u0105 MMS \/ SMS lub telefonicznie. Takie dzia\u0142ania podejmujemy wy\u0142\u0105cznie w przypadku, gdy wyrazi\u0142e\u015b na nie zgod\u0119, kt\u00f3r\u0105 mo\u017ce wycofa\u0107 w dowolnym momencie.<\/li>\n<\/ol>\n<p>Portale spo\u0142eczno\u015bciowe<\/p>\n<ol>\n<li>Przetwarzamy Twoje dane osobowe, gdy odwiedzasz nasz profile prowadzone w mediach spo\u0142eczno\u015bciowych (Facebook, YouTube, Instagram, Twitter). Dane te s\u0105 przetwarzane wy\u0142\u0105cznie w zwi\u0105zku z prowadzeniem profilu, w tym w celu informowania Ci\u0119 o naszej aktywno\u015bci oraz promowaniu r\u00f3\u017cnego rodzaju wydarze\u0144, us\u0142ug oraz produkt\u00f3w. Podstaw\u0105 prawn\u0105 przetwarzania danych osobowych w tym celu jest nasz uzasadniony interes (art. 6 ust. 1 lit. f RODO) polegaj\u0105cy na promowaniu w\u0142asnej marki.<\/li>\n<\/ol>\n<p>Pliki cookies oraz podobna technologia<\/p>\n<ol>\n<li>Pliki cookies to ma\u0142e pliki tekstowe instalowane na Twoim urz\u0105dzeniu, gdy przegl\u0105dasz Serwis. Cookies zbieraj\u0105 informacje u\u0142atwiaj\u0105ce korzystanie ze strony internetowej \u2013 np. poprzez zapami\u0119tywanie Twoich odwiedzin w Serwisie i dokonywanych przez Ciebie czynno\u015bci. W ramach Serwisu mo\u017cemy stosowa\u0107 nast\u0119puj\u0105ce rodzaje cookies:<\/li>\n<\/ol>\n<p>Cookies 'serwisowe&#8217;<\/p>\n<ol>\n<li>Wykorzystujemy tzw. cookies serwisowe przede wszystkim w celu dostarczania Ci us\u0142ug \u015bwiadczonych drog\u0105 elektroniczn\u0105 oraz poprawy jako\u015bci tych us\u0142ug. W zwi\u0105zku z tym my oraz inne podmioty \u015bwiadcz\u0105ce na nasz\u0105 rzecz us\u0142ugi analityczne i statystyczne korzystaj\u0105 z plik\u00f3w cookies, przechowuj\u0105c informacje lub uzyskuj\u0105c dost\u0119p do informacji ju\u017c przechowywanych w Twoim telekomunikacyjnym urz\u0105dzeniu ko\u0144cowym (komputer, telefon, tablet itp.). Pliki cookies wykorzystywane w tym celu obejmuj\u0105:\n<ol>\n<li>pliki cookies z danymi wprowadzanymi przez Ciebie (identyfikator sesji) na czas trwania sesji (ang. user input cookies);<\/li>\n<li>uwierzytelniaj\u0105ce pliki cookies wykorzystywane do us\u0142ug wymagaj\u0105cych uwierzytelniania na czas trwania sesji (ang. authentication cookies);<\/li>\n<li>pliki cookies s\u0142u\u017c\u0105ce do zapewnienia bezpiecze\u0144stwa, np. wykorzystywane do wykrywania nadu\u017cy\u0107 w zakresie uwierzytelniania (ang. user centric security cookies);<\/li>\n<li>sesyjne pliki cookies odtwarzaczy multimedialnych (np. pliki cookies odtwarzacza flash), na czas trwania sesji (ang. multimedia player session cookies);<\/li>\n<li>trwa\u0142e pliki cookies s\u0142u\u017c\u0105ce do personalizacji interfejsu U\u017cytkownika na czas trwania sesji lub nieco d\u0142u\u017cej (ang. user interface customization cookies),<\/li>\n<li>pliki cookies s\u0142u\u017c\u0105ce do monitorowania ruchu na stronie internetowej, tj. analityki danych, w tym cookies Google Analytics (s\u0105 to pliki wykorzystywane przez sp\u00f3\u0142k\u0119 Google w celu analizy w jaki spos\u00f3w korzystasz z Serwisu, do tworzenia statystyk i raport\u00f3w dotycz\u0105cych funkcjonowania Serwisu). Google nie wykorzystuje zebranych danych do identyfikacji U\u017cytkownika ani nie \u0142\u0105czy tych informacji w celu umo\u017cliwienia identyfikacji. Szczeg\u00f3\u0142owe informacje o zakresie i zasadach zbierania danych w zwi\u0105zku z t\u0105 us\u0142ug\u0105 mo\u017cna znale\u017a\u0107 pod linkiem: <a href=\"https:\/\/www.google.com\/intl\/pl\/policies\/privacy\/partners\">https:\/\/www.google.com\/intl\/pl\/policies\/privacy\/partners<\/a>.<\/li>\n<\/ol>\n<\/li>\n<\/ol>\n<p>Cookies 'marketingowe&#8217;<\/p>\n<ol>\n<li>My oraz nasi zaufani partnerzy wykorzystujemy r\u00f3wnie\u017c pliki cookies do cel\u00f3w marketingowych, m.in. w zwi\u0105zku z kierowaniem do Ciebie reklamy behawioralnej. W tym celu my oraz nasi zaufani partnerzy przechowujemy informacje lub uzyskujemy dost\u0119p do informacji ju\u017c przechowywanych w Twoim telekomunikacyjnym urz\u0105dzeniu ko\u0144cowym (komputer, telefon, tablet itp.). Wykorzystanie plik\u00f3w cookies oraz zebranych za ich po\u015brednictwem danych osobowych w celach marketingowych, w szczeg\u00f3lno\u015bci w zakresie promowania us\u0142ug i towar\u00f3w podmiot\u00f3w trzecich, wymaga uzyskania Twojej zgody, kt\u00f3ra mo\u017ce by\u0107 w ka\u017cdym momencie wycofana.<\/li>\n<\/ol>\n<p>Zarz\u0105dzanie cookies<\/p>\n<ol>\n<li>Je\u015bli nie chcesz otrzymywa\u0107 plik\u00f3w cookies, mo\u017cesz zmieni\u0107 ustawienia przegl\u0105darki. Zastrzegamy, \u017ce wy\u0142\u0105czenie obs\u0142ugi plik\u00f3w cookies niezb\u0119dnych dla proces\u00f3w uwierzytelniania, bezpiecze\u0144stwa, utrzymania preferencji u\u017cytkownika mo\u017ce utrudni\u0107 korzystanie z Serwisu.<\/li>\n<li>W celu zarz\u0105dzania ustawienia cookies wybierz z listy poni\u017cej przegl\u0105dark\u0119 internetow\u0105, kt\u00f3rej u\u017cywasz i post\u0119puj zgodnie z instrukcjami:\n<ol>\n<li>Edge<\/li>\n<li>Internet Explorer<\/li>\n<li>Chrome<\/li>\n<li>Safari<\/li>\n<li>Firefox<\/li>\n<li>Opera<\/li>\n<li>Urz\u0105dzenia mobilne:<\/li>\n<li>Android<\/li>\n<li>Safari (iOS)<\/li>\n<li>Windows Phone<\/li>\n<\/ol>\n<\/li>\n<\/ol>\n<p>Istotne techniki marketingowe<\/p>\n<ol>\n<li>Cel i zakres gromadzenia danych oraz ich dalszego przetwarzania i wykorzystania przez us\u0142ugodawc\u00f3w, jak r\u00f3wnie\u017c mo\u017cliwo\u015b\u0107 kontaktu oraz prawa U\u017cytkownika w tym zakresie zosta\u0142y opisane w polityce prywatno\u015bci us\u0142ugodawc\u00f3w.<\/li>\n<li>Mo\u017cemy stosowa\u0107 techniki remarketingowe, pozwalaj\u0105ce na dopasowanie przekaz\u00f3w reklamowych do Twojego zachowania w Serwisie, co mo\u017ce dawa\u0107 z\u0142udzenie, \u017ce Twoje dane osobowe s\u0105 wykorzystywane do \u015bledzenia, jednak w praktyce nie przekazujemy \u017cadnych Twoich danych osobowych operatorom reklam. Technologicznym warunkiem takich dzia\u0142a\u0144 jest w\u0142\u0105czona obs\u0142uga plik\u00f3w cookie.<\/li>\n<li>Mo\u017cemy stosowa\u0107 rozwi\u0105zanie badaj\u0105ce zachowanie u\u017cytkownik\u00f3w poprzez tworzenie map ciep\u0142a oraz nagrywanie zachowania w Serwisie. Te informacje s\u0105 anonimizowane zanim zostan\u0105 przes\u0142ane do operatora us\u0142ugi tak, \u017ce nie wie on jakiej osoby fizycznej one dotycz\u0105. W szczeg\u00f3lno\u015bci nagrywaniu nie podlegaj\u0105 wpisywane has\u0142a oraz inne dane osobowe.<\/li>\n<\/ol>\n<p>Okres przetwarzania danych osobowych<\/p>\n<ol>\n<li>Okres przez jaki przetwamy Twoje dane zale\u017cy od rodzaju \u015bwiadczonej us\u0142ugi i celu przetwarzania. Co do zasady dane przetwarzane s\u0105 przez czas \u015bwiadczenia us\u0142ugi lub realizowania zam\u00f3wienia, do czasu wycofania przez Ciebie wyra\u017conej zgody lub zg\u0142oszenia skutecznego sprzeciwu wzgl\u0119dem przetwarzania danych (w przypadkach, gdy podstaw\u0105 prawn\u0105 przetwarzania danych jest nasz uzasadniony interes).<\/li>\n<li>Okres przetwarzania danych mo\u017ce by\u0107 przed\u0142u\u017cony w przypadku, gdy przetwarzanie jest niezb\u0119dne do ustalenia i dochodzenia ewentualnych roszcze\u0144 lub obrony przed nimi, a po tym czasie jedynie w przypadku i w zakresie, w jakim b\u0119d\u0105 wymaga\u0107 tego przepisy prawa.<\/li>\n<li>Po up\u0142ywie okresu przetwarzania Twoje dane s\u0105 nieodwracalnie usuwane lub anonimizowane.<\/li>\n<\/ol>\n<p>Twoje uprawnienia<\/p>\n<ol>\n<li>W zwi\u0105zku z tym, \u017ce przetwarzamy Twoje dane osobowe, przys\u0142uguj\u0105 Ci nast\u0119puj\u0105ce prawa:\n<ol>\n<li><strong>prawo do informacji o przetwarzaniu danych osobowych<\/strong> \u2013 na tej podstawie, na Tw\u00f3j wniosek przeka\u017cemy Ci informacj\u0119 o przetwarzaniu danych, w tym przede wszystkim o celach i podstawach prawnych przetwarzania, zakresie posiadanych danych, podmiotach, kt\u00f3rym s\u0105 ujawniane, i planowanym terminie usuni\u0119cia danych;<\/li>\n<li><strong>prawo uzyskania kopii danych<\/strong> \u2013 na tej podstawie, na Tw\u00f3j wniosek przeka\u017cemy Ci kopi\u0119 przetwarzanych danych dotycz\u0105cych osoby zg\u0142aszaj\u0105cej \u017c\u0105danie;<\/li>\n<li><strong>prawo do sprostowania<\/strong> \u2013 na Tw\u00f3j wniosek jeste\u015bmy zobowi\u0105zani usuwa\u0107 ewentualne niezgodno\u015bci lub b\u0142\u0119dy przetwarzanych danych osobowych oraz uzupe\u0142nia\u0107 je, je\u015bli s\u0105 niekompletne;<\/li>\n<li><strong>prawo do usuni\u0119cia danych<\/strong> \u2013 na tej podstawie mo\u017cesz \u017c\u0105da\u0107 usuni\u0119cia danych, kt\u00f3rych przetwarzanie nie jest ju\u017c niezb\u0119dne do realizowania \u017cadnego z cel\u00f3w, dla kt\u00f3rych zosta\u0142y zebrane;<\/li>\n<li><strong>prawo do ograniczenia przetwarzania<\/strong> \u2013 na tej podstawie, na Tw\u00f3j wniosek zaprzestaniemy wykonywania operacji na Twoich danych osobowych \u2013 z wyj\u0105tkiem operacji, na kt\u00f3re wyrazi\u0142e\u015b zgod\u0119 \u2013 oraz ich przechowywania, zgodnie z przyj\u0119tymi zasadami retencji lub dop\u00f3ki nie ustan\u0105 przyczyny ograniczenia przetwarzania danych;<\/li>\n<li><strong>prawo do przenoszenia danych<\/strong> \u2013 na tej podstawie \u2013 w zakresie, w jakim Twoje dane s\u0105 przetwarzane w zwi\u0105zku z zawart\u0105 umow\u0105 lub wyra\u017con\u0105 zgod\u0105 \u2013 wydamy Ci dostarczone przez Ciebie dane w formacie pozwalaj\u0105cym na ich odczyt przez komputer. Mo\u017cesz tak\u017ce za\u017c\u0105da\u0107, aby\u015bmy przes\u0142ali te dane innemu podmiotowi \u2013 jednak pod warunkiem, \u017ce mamy do tego odpowiednie mo\u017cliwo\u015bci techniczne.<\/li>\n<li><strong>prawo sprzeciwu wobec przetwarzania danych w celach marketingowych<\/strong> \u2013 mo\u017cesz w ka\u017cdym momencie sprzeciwi\u0107 si\u0119 przetwarzaniu danych osobowych w celach marketingowych, bez konieczno\u015bci uzasadnienia takiego sprzeciwu;<\/li>\n<li><strong>prawo sprzeciwu wobec innych cel\u00f3w przetwarzania danych<\/strong> \u2013 Mo\u017cesz w ka\u017cdym momencie sprzeciwi\u0107 si\u0119 przetwarzaniu danych osobowych, kt\u00f3re odbywa si\u0119 na podstawie naszego uzasadnionego interesu (np. dla cel\u00f3w analitycznych lub statystycznych albo ze wzgl\u0119d\u00f3w zwi\u0105zanych z ochron\u0105 mienia); sprzeciw w tym zakresie powinien zawiera\u0107 uzasadnienie;<\/li>\n<li><strong>prawo wycofania zgody<\/strong> \u2013 je\u015bli dane przetwarzane s\u0105 na podstawie Twojej zgody, masz prawo j\u0105 wycofa\u0107 w dowolnym momencie, co jednak nie wp\u0142ywa na zgodno\u015b\u0107 z prawem przetwarzania dokonanego przed wycofaniem zgody.<\/li>\n<li><strong>prawo do skargi<\/strong> \u2013 je\u017celi uznasz, \u017ce spos\u00f3b w jaki przetwarzamy Twoje dane osobowe narusza przepisy RODO lub inne przepisy dotycz\u0105ce ochrony danych osobowych, mo\u017cesz z\u0142o\u017cy\u0107 skarg\u0119 do Prezesa Urz\u0119du Ochrony Danych Osobowych.<\/li>\n<\/ol>\n<\/li>\n<\/ol>\n<p>Odbiorcy danych<\/p>\n<ol>\n<li>W zwi\u0105zku z tym, \u017ce chcemy realizowa\u0107 dla Ciebie jak najlepsze us\u0142ugi, b\u0119dziemy ujawnia\u0107 Twoje dane osobowe naszym zaufanym partnerom, w tym w szczeg\u00f3lno\u015bci dostawcom odpowiedzialnym za obs\u0142ug\u0119 system\u00f3w informatycznych, podmiotom takim jak banki i operatorzy p\u0142atno\u015bci, podmioty \u015bwiadcz\u0105ce us\u0142ugi ksi\u0119gowe, kurierzy (w zwi\u0105zku z realizacj\u0105 zam\u00f3wienia), agencje marketingowe (w zakresie us\u0142ug marketingowych) oraz naszym podmiotom powi\u0105zanym.<\/li>\n<li>Twoje dane osobowe b\u0119d\u0105 udost\u0119pnione innym podmiotom do ich w\u0142asnych cel\u00f3w, w tym cel\u00f3w marketingowych tylko je\u017celi wyrazisz na to zgod\u0119.<\/li>\n<\/ol>\n<p>Przekazywanie danych poza EOG<\/p>\n<ol>\n<li>Poziom ochrony danych osobowych poza Europejskim Obszarem Gospodarczym (EOG) mo\u017ce r\u00f3\u017cni\u0107 si\u0119 od tego zapewnianego przez prawo europejskie. Z tego powodu b\u0119dziemy przekazywali Twoje dane osobowe poza EOG tylko wtedy, gdy jest to konieczne, i z zapewnieniem odpowiedniego stopnia ochrony. Za ka\u017cdym razem zostaniesz o tym powiadomiony.<\/li>\n<\/ol>\n<p>Bezpiecze\u0144stwo danych osobowych<\/p>\n<ol>\n<li>Wiedz, \u017ce podejmujemy wszelkie kroki w celu zapewnienia, \u017ce Twoje dane osobowe b\u0119d\u0105 przetwarzane s\u0105 przez nas w spos\u00f3b bezpieczny \u2013 zapewniaj\u0105cy przede wszystkim, \u017ce dost\u0119p do Twoich danych maj\u0105 jedynie osoby upowa\u017cnione i jedynie w zakresie, w jakim jest to niezb\u0119dne ze wzgl\u0119du na wykonywane przez nie zadania.<\/li>\n<li>Podejmujemy wszelkie niezb\u0119dne dzia\u0142ania, by nasi podwykonawcy i inne podmioty wsp\u00f3\u0142pracuj\u0105ce dawa\u0142y gwarancj\u0119 stosowania odpowiednich \u015brodk\u00f3w bezpiecze\u0144stwa w ka\u017cdym przypadku, gdy przetwarzaj\u0105 Twoje dane osobowe na nasze zlecenie.<\/li>\n<\/ol>\n<p>Dane kontaktowe<\/p>\n<ol>\n<li>We wszelkich sprawach, o kt\u00f3rym mowa w niniejszej polityce, w szczeg\u00f3lno\u015bci zwi\u0105zanych z przetwarzaniem Twoich danych osobowych, mo\u017cesz si\u0119 z nami skontaktowa\u0107 poprzez:\n<ol>\n<li>e-mail <a href=\"mailto:[mail]\">[mail]<\/a><\/li>\n<\/ol>\n<\/li>\n<\/ol>\t\t\t\t\t\t\t\t<\/div>\n\t\t\t\t<\/div>\n\t\t\t\t\t<\/div>\n\t\t\t\t<\/div>\n\t\t\t\t<\/div>\n\t\t","protected":false},"excerpt":{"rendered":"<p>Tre\u015b\u0107 regulaminu Definicje Administrator (My) \u2013&nbsp;[strona] Dane osobowe \u2013 wszystkie informacje o osobie fizycznej zidentyfikowanej lub mo\u017cliwej do zidentyfikowania poprzez jeden b\u0105d\u017a kilka szczeg\u00f3lnych czynnik\u00f3w okre\u015blaj\u0105cych fizyczn\u0105, fizjologiczn\u0105, genetyczn\u0105, psychiczn\u0105, ekonomiczn\u0105, kulturow\u0105 lub spo\u0142eczn\u0105 to\u017csamo\u015b\u0107, w tym IP urz\u0105dzenia, dane o lokalizacji, identyfikator internetowy oraz informacje gromadzone za po\u015brednictwem plik\u00f3w cookie oraz innej podobnej technologii. [&hellip;]<\/p>\n","protected":false},"author":1,"featured_media":0,"parent":0,"menu_order":0,"comment_status":"closed","ping_status":"closed","template":"","meta":{"_acf_changed":false,"footnotes":""},"class_list":["post-1056","page","type-page","status-publish","hentry"],"acf":[],"_links":{"self":[{"href":"https:\/\/arkivisual.no\/pl\/wp-json\/wp\/v2\/pages\/1056","targetHints":{"allow":["GET"]}}],"collection":[{"href":"https:\/\/arkivisual.no\/pl\/wp-json\/wp\/v2\/pages"}],"about":[{"href":"https:\/\/arkivisual.no\/pl\/wp-json\/wp\/v2\/types\/page"}],"author":[{"embeddable":true,"href":"https:\/\/arkivisual.no\/pl\/wp-json\/wp\/v2\/users\/1"}],"replies":[{"embeddable":true,"href":"https:\/\/arkivisual.no\/pl\/wp-json\/wp\/v2\/comments?post=1056"}],"version-history":[{"count":13,"href":"https:\/\/arkivisual.no\/pl\/wp-json\/wp\/v2\/pages\/1056\/revisions"}],"predecessor-version":[{"id":1541,"href":"https:\/\/arkivisual.no\/pl\/wp-json\/wp\/v2\/pages\/1056\/revisions\/1541"}],"wp:attachment":[{"href":"https:\/\/arkivisual.no\/pl\/wp-json\/wp\/v2\/media?parent=1056"}],"curies":[{"name":"wp","href":"https:\/\/api.w.org\/{rel}","templated":true}]}}